{"id":6696,"date":"2025-05-09T09:03:37","date_gmt":"2025-05-09T06:03:37","guid":{"rendered":"https:\/\/www.ancpi.ro\/ocpi\/vn\/?page_id=6696"},"modified":"2025-05-09T09:03:51","modified_gmt":"2025-05-09T06:03:51","slug":"l-i-s-t-a-cuprinzand-categoriile-de-documente-produse-si-sau-gestionate-de-o-c-p-i-vrancea","status":"publish","type":"page","link":"https:\/\/www.ancpi.ro\/ocpi\/vn\/l-i-s-t-a-cuprinzand-categoriile-de-documente-produse-si-sau-gestionate-de-o-c-p-i-vrancea\/","title":{"rendered":"L I S T A &#8211; CUPRINZ\u00c2ND CATEGORIILE DE DOCUMENTE  PRODUSE SI\/SAU GESTIONATE DE O.C.P.I. VRANCEA"},"content":{"rendered":"<ul>\n<li>Harta jude\u021bului scara 1: 100 000\u00a0 si\u00a0 1:50 000 , alb-negru, 1:275 000 si 1:550 000;<\/li>\n<li>Documenta\u021bii privind delimitarea hotarelor administrative \u0219i a intravilanelor;<\/li>\n<li>Registrele\u00a0 privind introducerea si actualizarea cadastrului funciar\u00a0 din intravilan si extravilan;<\/li>\n<li>Planurile cadastrale \u2013 introducere si actualizare a lucr\u0103rilor de cadastru funciar, pe teritorii administrative, din intravilan si extravilan;<\/li>\n<li>Studii topografice;<\/li>\n<li>Planuri topografice de baza \u00a0la scara 1:2000 si 1:5000 si planuri topografice derivate scara 1:500 \u0219i 1:1000 ;<\/li>\n<li>Lucr\u0103ri de refacere si \u00eentre\u021binere a re\u021belei geodezice si de triangula\u021bie;<\/li>\n<li>Lucr\u0103ri de modernizare a re\u021belei de referin\u021b\u0103 ;<\/li>\n<li>Foi de plan cu curbe de nivel la diferite sc\u0103ri;<\/li>\n<li>Inventare de coordonate;<\/li>\n<li>Lucr\u0103ri \u2013 Legea nr. 18\/1991, Legea 1\/2000 \u0219i Legea 247\/2005 : anexe, planuri parcelare si procese verbale de punere in posesie, hot\u0103r\u00e2ri ale Comisiei jude\u021bene pentru stabilirea dreptului de proprietate privat\u0103 asupra terenurilor;<\/li>\n<li>Documenta\u021bii privind inventarierea terenurilor \u00een baza prevederilor H.G. nr \u00a0401\/2013 pentru aprobarea normelor de aplicare a Legii 165\/2013, cu modific\u0103rile \u0219i complet\u0103rile ulterioare, privind\u00a0 m\u0103surile pentru finalizarea procesului de restituire, \u00een natur\u0103 sau prin echivalent, a imobilelor\u00a0 preluate \u00een mod abuziv, \u00een perioada regimului comunist din Rom\u00e2nia;<\/li>\n<li>Documentatii tehnice \u00eentocmite conform H.G. 834\/1991;<\/li>\n<li>Documentatii tehnice \u00eentocmie \u00een vederea inscrierii imobilelor\u00a0 \u00een cartea funciar\u0103;<\/li>\n<li>Avize pentru executia m\u0103sur\u0103torilor terestre;<\/li>\n<li>Documentatii de scoatere \u00a0a terenurilor din circuitul agricol ;<\/li>\n<li>Documenta\u021bii de urbanism;<\/li>\n<li>Inventarierea terenurilor agricole \u00a0apartinand societatilor comerciale cu capital de stat;<\/li>\n<li>Cartile funciare, pentru consultare \u0219i \u00a0informare\u00a0 ;<\/li>\n<li>Registrele si opisurile de transcriptiuni \u0219i inscriptiuni ;<\/li>\n<\/ul>\n<p>Planurile \u0219i registrele cadastrale rezultate \u00een urma \u00eenregistr\u0103rilor sistematice.<\/p>\n","protected":false},"excerpt":{"rendered":"<p>Harta jude\u021bului scara 1: 100 000\u00a0 si\u00a0 1:50 000 , alb-negru, 1:275 000 si 1:550 000; Documenta\u021bii privind delimitarea hotarelor administrative \u0219i a intravilanelor; Registrele\u00a0 privind introducerea si actualizarea cadastrului funciar\u00a0 din intravilan si extravilan; Planurile cadastrale \u2013 introducere si actualizare a lucr\u0103rilor de cadastru funciar, pe teritorii administrative, din intravilan si extravilan; Studii topografice; [&hellip;]<\/p>\n","protected":false},"author":5,"featured_media":0,"parent":0,"menu_order":0,"comment_status":"closed","ping_status":"closed","template":"","meta":{"footnotes":""},"class_list":["post-6696","page","type-page","status-publish","hentry"],"_links":{"self":[{"href":"https:\/\/www.ancpi.ro\/ocpi\/vn\/wp-json\/wp\/v2\/pages\/6696","targetHints":{"allow":["GET"]}}],"collection":[{"href":"https:\/\/www.ancpi.ro\/ocpi\/vn\/wp-json\/wp\/v2\/pages"}],"about":[{"href":"https:\/\/www.ancpi.ro\/ocpi\/vn\/wp-json\/wp\/v2\/types\/page"}],"author":[{"embeddable":true,"href":"https:\/\/www.ancpi.ro\/ocpi\/vn\/wp-json\/wp\/v2\/users\/5"}],"replies":[{"embeddable":true,"href":"https:\/\/www.ancpi.ro\/ocpi\/vn\/wp-json\/wp\/v2\/comments?post=6696"}],"version-history":[{"count":2,"href":"https:\/\/www.ancpi.ro\/ocpi\/vn\/wp-json\/wp\/v2\/pages\/6696\/revisions"}],"predecessor-version":[{"id":6698,"href":"https:\/\/www.ancpi.ro\/ocpi\/vn\/wp-json\/wp\/v2\/pages\/6696\/revisions\/6698"}],"wp:attachment":[{"href":"https:\/\/www.ancpi.ro\/ocpi\/vn\/wp-json\/wp\/v2\/media?parent=6696"}],"curies":[{"name":"wp","href":"https:\/\/api.w.org\/{rel}","templated":true}]}}