{"id":6820,"date":"2025-11-24T12:19:31","date_gmt":"2025-11-24T10:19:31","guid":{"rendered":"https:\/\/www.ancpi.ro\/ocpi\/vn\/?page_id=6820"},"modified":"2025-12-15T12:45:43","modified_gmt":"2025-12-15T10:45:43","slug":"autorizare-pfa-pja","status":"publish","type":"page","link":"https:\/\/www.ancpi.ro\/ocpi\/vn\/autorizare-pfa-pja\/","title":{"rendered":"Autorizare PFA\/PJA"},"content":{"rendered":"<h2 style=\"text-align: center;\" data-start=\"79\" data-end=\"122\"><span style=\"color: #000080;\"><strong data-start=\"79\" data-end=\"122\">Anun\u021b pentru solicitan\u021bii de autorizare PFA\/PJA<\/strong><\/span><\/h2>\n<p data-start=\"124\" data-end=\"266\">V\u0103 inform\u0103m c\u0103 dosarele pentru autorizare pot fi transmise \u0219i \u00een format electronic, prin e-mail, la adresa:\u00a0 \u00a0<strong data-start=\"232\" data-end=\"263\"><a class=\"decorated-link cursor-pointer\" rel=\"noopener\" data-start=\"234\" data-end=\"261\">dosar.autorizare.vn@ancpi.ro. <\/a><\/strong><\/p>\n<p data-start=\"124\" data-end=\"266\"><a class=\"decorated-link cursor-pointer\" rel=\"noopener\" data-start=\"234\" data-end=\"261\">Pentru orice alte informa\u021bii suplimentare v\u0103 st\u0103m la dispozi\u021bie prin mijloacele disponibile \u00een sec\u021biunea\u00a0\u00a0<\/a><strong data-start=\"232\" data-end=\"263\"><a class=\"decorated-link cursor-pointer\" rel=\"noopener\" data-start=\"234\" data-end=\"261\"> &#8216;Contact&#8217;\u00a0 <\/a><\/strong><a class=\"decorated-link cursor-pointer\" rel=\"noopener\" data-start=\"234\" data-end=\"261\">a site-ului\u00a0 <\/a><strong data-start=\"232\" data-end=\"263\"><a class=\"decorated-link cursor-pointer\" href=\"https:\/\/www.ancpi.ro\/ocpi\/vn\/contact\/\" rel=\"noopener\" data-start=\"234\" data-end=\"261\">https:\/\/www.ancpi.ro\/ocpi\/vn<\/a><\/strong><\/p>\n","protected":false},"excerpt":{"rendered":"<p>Anun\u021b pentru solicitan\u021bii de autorizare PFA\/PJA V\u0103 inform\u0103m c\u0103 dosarele pentru autorizare pot fi transmise \u0219i \u00een format electronic, prin e-mail, la adresa:\u00a0 \u00a0dosar.autorizare.vn@ancpi.ro. Pentru orice alte informa\u021bii suplimentare v\u0103 st\u0103m la dispozi\u021bie prin mijloacele disponibile \u00een sec\u021biunea\u00a0\u00a0 &#8216;Contact&#8217;\u00a0 a site-ului\u00a0 https:\/\/www.ancpi.ro\/ocpi\/vn<\/p>\n","protected":false},"author":5,"featured_media":0,"parent":0,"menu_order":0,"comment_status":"closed","ping_status":"closed","template":"","meta":{"footnotes":""},"class_list":["post-6820","page","type-page","status-publish","hentry"],"_links":{"self":[{"href":"https:\/\/www.ancpi.ro\/ocpi\/vn\/wp-json\/wp\/v2\/pages\/6820","targetHints":{"allow":["GET"]}}],"collection":[{"href":"https:\/\/www.ancpi.ro\/ocpi\/vn\/wp-json\/wp\/v2\/pages"}],"about":[{"href":"https:\/\/www.ancpi.ro\/ocpi\/vn\/wp-json\/wp\/v2\/types\/page"}],"author":[{"embeddable":true,"href":"https:\/\/www.ancpi.ro\/ocpi\/vn\/wp-json\/wp\/v2\/users\/5"}],"replies":[{"embeddable":true,"href":"https:\/\/www.ancpi.ro\/ocpi\/vn\/wp-json\/wp\/v2\/comments?post=6820"}],"version-history":[{"count":5,"href":"https:\/\/www.ancpi.ro\/ocpi\/vn\/wp-json\/wp\/v2\/pages\/6820\/revisions"}],"predecessor-version":[{"id":6857,"href":"https:\/\/www.ancpi.ro\/ocpi\/vn\/wp-json\/wp\/v2\/pages\/6820\/revisions\/6857"}],"wp:attachment":[{"href":"https:\/\/www.ancpi.ro\/ocpi\/vn\/wp-json\/wp\/v2\/media?parent=6820"}],"curies":[{"name":"wp","href":"https:\/\/api.w.org\/{rel}","templated":true}]}}